{"id":73,"date":"2020-08-19T12:47:16","date_gmt":"2020-08-19T10:47:16","guid":{"rendered":"http:\/\/www.sahatech.at\/?page_id=73"},"modified":"2020-08-19T19:21:32","modified_gmt":"2020-08-19T17:21:32","slug":"bldc-treiber","status":"publish","type":"page","link":"https:\/\/www.sahatech.at\/?page_id=73","title":{"rendered":"BLDC-Treiber"},"content":{"rendered":"\n<div class=\"wp-block-media-text alignwide is-stacked-on-mobile is-vertically-aligned-top\" style=\"grid-template-columns:38% auto\"><figure class=\"wp-block-media-text__media\"><img loading=\"lazy\" decoding=\"async\" width=\"800\" height=\"599\" src=\"https:\/\/www.sahatech.at\/wp-content\/uploads\/2020\/08\/SHCBL5189IOE_transp3-edited.png\" alt=\"BLDC-Steuerung SHCBL5189IO\" class=\"wp-image-205\" srcset=\"https:\/\/www.sahatech.at\/wp-content\/uploads\/2020\/08\/SHCBL5189IOE_transp3-edited.png 800w, https:\/\/www.sahatech.at\/wp-content\/uploads\/2020\/08\/SHCBL5189IOE_transp3-edited-300x225.png 300w, https:\/\/www.sahatech.at\/wp-content\/uploads\/2020\/08\/SHCBL5189IOE_transp3-edited-768x575.png 768w\" sizes=\"(max-width: 800px) 100vw, 800px\" \/><\/figure><div class=\"wp-block-media-text__content\">\n<h2 class=\"has-larger-font-size wp-block-heading\">Serie SHCBL5189IO<\/h2>\n\n\n\n<ul><li>10A Motorstrom<\/li><li>3-Phasen-Motor 57mm (Nema 23)<\/li><li>direkte Montage an den Motor<\/li><li>24V-48V Leistungsversorgung<\/li><li>integrierter 12Bit-Encoder<\/li><li>closed loop<\/li><li>4 digitale 24V-Eing\u00e4nge<\/li><li>3 digitale 24V-Ausg\u00e4nge<\/li><li>ein 0-10V Analogeingang<\/li><li>ein Bremsenausgang f\u00fcr externe Bremse (max. 1A)<\/li><\/ul>\n\n\n\n<h2 class=\"has-larger-font-size wp-block-heading\">Beschreibung:<\/h2>\n\n\n\n<p>Auf der Steuerung ist ein 32Bit-Mikrocontroller aus der ARM Cortex-M0 Serie verbaut. Die Programmierung erfolgt per USB-Schnittstelle. Dazu wird ein Adapterkabel anstelle des Anschlusskabels angeschlossen. Es ist kein Programmierger\u00e4t erforderlich. W\u00e4hrend der Programmierung ist keine externe Spannungsversorgung erforderlich. Das Einspielen einer neuen Firmware kann kundenseitig erfolgen. Eine entsprechende Software zum Einspielen der Firmware wird gegebenenfalls zur Verf\u00fcgung gestellt.<br>Die Steuerung wird kundenspezifisch programmiert. Anpassungen von Parametern k\u00f6nnen per UART-Schnittstelle w\u00e4hrend des Betriebs durchgef\u00fchrt werden. Eine entsprechende Parametrierungssoftware wird gegebenenfalls zur Verf\u00fcgung gestellt.<br>Die Steuerung besitzt 4 SPS-kompatible digitale Eing\u00e4nge und einen 0-10V analogen Eingang, sowie 3 24V Open-Collector Ausg\u00e4nge. Die Funktion der Ein- und Ausg\u00e4nge werden kundenspezifisch programmiert und k\u00f6nnten unter anderen folgenden Funktionen haben:<br>Eing\u00e4nge: Motor on\/off, Endschalter in, Reset, \u2026<br>Ausg\u00e4nge: Quadratur-Encoder (1 \u2013 256 Pulse bzw. 4 \u2013 1024 Flanken), Alarm, Ready, \u2026<\/p>\n<\/div><\/div>\n\n\n\n<h2 class=\"has-normal-font-size wp-block-heading\">Datenblatt:<\/h2>\n\n\n\n<div class=\"wp-block-file\"><a href=\"https:\/\/www.sahatech.at\/wp-content\/uploads\/2020\/08\/SHCBL5189IO.pdf\">SHCBL5189IO<\/a><\/div>\n\n\n\n<p><\/p>\n","protected":false},"excerpt":{"rendered":"<p>Serie SHCBL5189IO 10A Motorstrom 3-Phasen-Motor 57mm (Nema 23) direkte Montage an den Motor 24V-48V Leistungsversorgung integrierter 12Bit-Encoder closed loop 4 digitale 24V-Eing\u00e4nge 3 digitale 24V-Ausg\u00e4nge ein 0-10V Analogeingang ein Bremsenausgang f\u00fcr externe Bremse (max. 1A) Beschreibung: Auf der Steuerung ist ein 32Bit-Mikrocontroller aus der ARM Cortex-M0 Serie verbaut. Die Programmierung erfolgt per USB-Schnittstelle. Dazu wird [&hellip;]<\/p>\n","protected":false},"author":1,"featured_media":0,"parent":0,"menu_order":0,"comment_status":"closed","ping_status":"closed","template":"","meta":{"footnotes":""},"yoast_head":"<!-- This site is optimized with the Yoast SEO plugin v22.1 - https:\/\/yoast.com\/wordpress\/plugins\/seo\/ -->\n<title>Sahatech e.U. - BLDC Motorsteuerung<\/title>\n<meta name=\"description\" content=\"Sahatech e.U. - BLDC Motorsteuerung: kundenspezifisch angepasst, integrierter Encoder, Closed-Loop\" \/>\n<meta name=\"robots\" content=\"index, follow, max-snippet:-1, max-image-preview:large, max-video-preview:-1\" \/>\n<link rel=\"canonical\" href=\"https:\/\/www.sahatech.at\/?page_id=73\" \/>\n<meta property=\"og:locale\" content=\"de_DE\" \/>\n<meta property=\"og:type\" content=\"article\" \/>\n<meta property=\"og:title\" content=\"Sahatech e.U. - BLDC Motorsteuerung\" \/>\n<meta property=\"og:description\" content=\"Sahatech e.U. - BLDC Motorsteuerung: kundenspezifisch angepasst, integrierter Encoder, Closed-Loop\" \/>\n<meta property=\"og:url\" content=\"https:\/\/www.sahatech.at\/?page_id=73\" \/>\n<meta property=\"og:site_name\" content=\"Sahatech e.U. - Motorsteuerungen, Bussysteme, Encoder\" \/>\n<meta property=\"article:modified_time\" content=\"2020-08-19T17:21:32+00:00\" \/>\n<meta property=\"og:image\" content=\"https:\/\/www.sahatech.at\/wp-content\/uploads\/2020\/08\/SHCBL5189IOE_transp3-edited.png\" \/>\n<meta name=\"twitter:card\" content=\"summary_large_image\" \/>\n<meta name=\"twitter:label1\" content=\"Gesch\u00e4tzte Lesezeit\" \/>\n\t<meta name=\"twitter:data1\" content=\"1\u00a0Minute\" \/>\n<script type=\"application\/ld+json\" class=\"yoast-schema-graph\">{\"@context\":\"https:\/\/schema.org\",\"@graph\":[{\"@type\":\"WebPage\",\"@id\":\"https:\/\/www.sahatech.at\/?page_id=73\",\"url\":\"https:\/\/www.sahatech.at\/?page_id=73\",\"name\":\"Sahatech e.U. - BLDC Motorsteuerung\",\"isPartOf\":{\"@id\":\"https:\/\/www.sahatech.at\/#website\"},\"datePublished\":\"2020-08-19T10:47:16+00:00\",\"dateModified\":\"2020-08-19T17:21:32+00:00\",\"description\":\"Sahatech e.U. - BLDC Motorsteuerung: kundenspezifisch angepasst, integrierter Encoder, Closed-Loop\",\"breadcrumb\":{\"@id\":\"https:\/\/www.sahatech.at\/?page_id=73#breadcrumb\"},\"inLanguage\":\"de\",\"potentialAction\":[{\"@type\":\"ReadAction\",\"target\":[\"https:\/\/www.sahatech.at\/?page_id=73\"]}]},{\"@type\":\"BreadcrumbList\",\"@id\":\"https:\/\/www.sahatech.at\/?page_id=73#breadcrumb\",\"itemListElement\":[{\"@type\":\"ListItem\",\"position\":1,\"name\":\"Startseite\",\"item\":\"https:\/\/www.sahatech.at\/\"},{\"@type\":\"ListItem\",\"position\":2,\"name\":\"BLDC-Treiber\"}]},{\"@type\":\"WebSite\",\"@id\":\"https:\/\/www.sahatech.at\/#website\",\"url\":\"https:\/\/www.sahatech.at\/\",\"name\":\"Sahatech e.U. - Motorsteuerungen, Bussysteme, Encoder\",\"description\":\"\",\"publisher\":{\"@id\":\"https:\/\/www.sahatech.at\/#organization\"},\"potentialAction\":[{\"@type\":\"SearchAction\",\"target\":{\"@type\":\"EntryPoint\",\"urlTemplate\":\"https:\/\/www.sahatech.at\/?s={search_term_string}\"},\"query-input\":\"required name=search_term_string\"}],\"inLanguage\":\"de\"},{\"@type\":\"Organization\",\"@id\":\"https:\/\/www.sahatech.at\/#organization\",\"name\":\"Sahatech e.U.\",\"url\":\"https:\/\/www.sahatech.at\/\",\"logo\":{\"@type\":\"ImageObject\",\"inLanguage\":\"de\",\"@id\":\"https:\/\/www.sahatech.at\/#\/schema\/logo\/image\/\",\"url\":\"https:\/\/www.sahatech.at\/wp-content\/uploads\/2020\/08\/logo_farbe_klein.png\",\"contentUrl\":\"https:\/\/www.sahatech.at\/wp-content\/uploads\/2020\/08\/logo_farbe_klein.png\",\"width\":147,\"height\":98,\"caption\":\"Sahatech e.U.\"},\"image\":{\"@id\":\"https:\/\/www.sahatech.at\/#\/schema\/logo\/image\/\"}}]}<\/script>\n<!-- \/ Yoast SEO plugin. -->","yoast_head_json":{"title":"Sahatech e.U. - BLDC Motorsteuerung","description":"Sahatech e.U. - BLDC Motorsteuerung: kundenspezifisch angepasst, integrierter Encoder, Closed-Loop","robots":{"index":"index","follow":"follow","max-snippet":"max-snippet:-1","max-image-preview":"max-image-preview:large","max-video-preview":"max-video-preview:-1"},"canonical":"https:\/\/www.sahatech.at\/?page_id=73","og_locale":"de_DE","og_type":"article","og_title":"Sahatech e.U. - BLDC Motorsteuerung","og_description":"Sahatech e.U. - BLDC Motorsteuerung: kundenspezifisch angepasst, integrierter Encoder, Closed-Loop","og_url":"https:\/\/www.sahatech.at\/?page_id=73","og_site_name":"Sahatech e.U. - Motorsteuerungen, Bussysteme, Encoder","article_modified_time":"2020-08-19T17:21:32+00:00","og_image":[{"url":"https:\/\/www.sahatech.at\/wp-content\/uploads\/2020\/08\/SHCBL5189IOE_transp3-edited.png"}],"twitter_card":"summary_large_image","twitter_misc":{"Gesch\u00e4tzte Lesezeit":"1\u00a0Minute"},"schema":{"@context":"https:\/\/schema.org","@graph":[{"@type":"WebPage","@id":"https:\/\/www.sahatech.at\/?page_id=73","url":"https:\/\/www.sahatech.at\/?page_id=73","name":"Sahatech e.U. - BLDC Motorsteuerung","isPartOf":{"@id":"https:\/\/www.sahatech.at\/#website"},"datePublished":"2020-08-19T10:47:16+00:00","dateModified":"2020-08-19T17:21:32+00:00","description":"Sahatech e.U. - BLDC Motorsteuerung: kundenspezifisch angepasst, integrierter Encoder, Closed-Loop","breadcrumb":{"@id":"https:\/\/www.sahatech.at\/?page_id=73#breadcrumb"},"inLanguage":"de","potentialAction":[{"@type":"ReadAction","target":["https:\/\/www.sahatech.at\/?page_id=73"]}]},{"@type":"BreadcrumbList","@id":"https:\/\/www.sahatech.at\/?page_id=73#breadcrumb","itemListElement":[{"@type":"ListItem","position":1,"name":"Startseite","item":"https:\/\/www.sahatech.at\/"},{"@type":"ListItem","position":2,"name":"BLDC-Treiber"}]},{"@type":"WebSite","@id":"https:\/\/www.sahatech.at\/#website","url":"https:\/\/www.sahatech.at\/","name":"Sahatech e.U. - Motorsteuerungen, Bussysteme, Encoder","description":"","publisher":{"@id":"https:\/\/www.sahatech.at\/#organization"},"potentialAction":[{"@type":"SearchAction","target":{"@type":"EntryPoint","urlTemplate":"https:\/\/www.sahatech.at\/?s={search_term_string}"},"query-input":"required name=search_term_string"}],"inLanguage":"de"},{"@type":"Organization","@id":"https:\/\/www.sahatech.at\/#organization","name":"Sahatech e.U.","url":"https:\/\/www.sahatech.at\/","logo":{"@type":"ImageObject","inLanguage":"de","@id":"https:\/\/www.sahatech.at\/#\/schema\/logo\/image\/","url":"https:\/\/www.sahatech.at\/wp-content\/uploads\/2020\/08\/logo_farbe_klein.png","contentUrl":"https:\/\/www.sahatech.at\/wp-content\/uploads\/2020\/08\/logo_farbe_klein.png","width":147,"height":98,"caption":"Sahatech e.U."},"image":{"@id":"https:\/\/www.sahatech.at\/#\/schema\/logo\/image\/"}}]}},"_links":{"self":[{"href":"https:\/\/www.sahatech.at\/index.php?rest_route=\/wp\/v2\/pages\/73"}],"collection":[{"href":"https:\/\/www.sahatech.at\/index.php?rest_route=\/wp\/v2\/pages"}],"about":[{"href":"https:\/\/www.sahatech.at\/index.php?rest_route=\/wp\/v2\/types\/page"}],"author":[{"embeddable":true,"href":"https:\/\/www.sahatech.at\/index.php?rest_route=\/wp\/v2\/users\/1"}],"replies":[{"embeddable":true,"href":"https:\/\/www.sahatech.at\/index.php?rest_route=%2Fwp%2Fv2%2Fcomments&post=73"}],"version-history":[{"count":11,"href":"https:\/\/www.sahatech.at\/index.php?rest_route=\/wp\/v2\/pages\/73\/revisions"}],"predecessor-version":[{"id":210,"href":"https:\/\/www.sahatech.at\/index.php?rest_route=\/wp\/v2\/pages\/73\/revisions\/210"}],"wp:attachment":[{"href":"https:\/\/www.sahatech.at\/index.php?rest_route=%2Fwp%2Fv2%2Fmedia&parent=73"}],"curies":[{"name":"wp","href":"https:\/\/api.w.org\/{rel}","templated":true}]}}