{"id":7,"date":"2020-08-09T09:48:48","date_gmt":"2020-08-09T09:48:48","guid":{"rendered":"http:\/\/www.sahatech.at\/?page_id=7"},"modified":"2020-08-19T17:42:06","modified_gmt":"2020-08-19T15:42:06","slug":"sahatech-e-u-kundenspezifische-motorsteuerungen-2","status":"publish","type":"page","link":"https:\/\/www.sahatech.at\/?page_id=7","title":{"rendered":"\u00dcber uns"},"content":{"rendered":"\n<p>Nach \u00fcber 15 Jahren Erfahrung im Bereich der Entwicklung von Motorsteuerungen habe ich mit August 2020 mein eigenes Unternehmen gegr\u00fcndet. Mein T\u00e4tigkeitsbereich liegt in der Entwicklung kundenspezifischer Reglerl\u00f6sungen.<\/p>\n\n\n\n<p>Ing. Sascha Hassa<\/p>\n\n\n\n<p><\/p>\n","protected":false},"excerpt":{"rendered":"<p>Nach \u00fcber 15 Jahren Erfahrung im Bereich der Entwicklung von Motorsteuerungen habe ich mit August 2020 mein eigenes Unternehmen gegr\u00fcndet. Mein T\u00e4tigkeitsbereich liegt in der Entwicklung kundenspezifischer Reglerl\u00f6sungen. Ing. Sascha Hassa<\/p>\n","protected":false},"author":1,"featured_media":0,"parent":0,"menu_order":0,"comment_status":"closed","ping_status":"closed","template":"","meta":{"footnotes":""},"yoast_head":"<!-- This site is optimized with the Yoast SEO plugin v22.1 - https:\/\/yoast.com\/wordpress\/plugins\/seo\/ -->\n<title>Sahatech e.U. - \u00dcber uns<\/title>\n<meta name=\"description\" content=\"Sahatech e.U. - \u00dcber uns: Mein T\u00e4tigkeitsbereich liegt in der Entwicklung kundenspezifischer Reglerl\u00f6sungen.\" \/>\n<meta name=\"robots\" content=\"index, follow, max-snippet:-1, max-image-preview:large, max-video-preview:-1\" \/>\n<link rel=\"canonical\" href=\"https:\/\/www.sahatech.at\/?page_id=7\" \/>\n<meta property=\"og:locale\" content=\"de_DE\" \/>\n<meta property=\"og:type\" content=\"article\" \/>\n<meta property=\"og:title\" content=\"Sahatech e.U. - \u00dcber uns\" \/>\n<meta property=\"og:description\" content=\"Sahatech e.U. - \u00dcber uns: Mein T\u00e4tigkeitsbereich liegt in der Entwicklung kundenspezifischer Reglerl\u00f6sungen.\" \/>\n<meta property=\"og:url\" content=\"https:\/\/www.sahatech.at\/?page_id=7\" \/>\n<meta property=\"og:site_name\" content=\"Sahatech e.U. - Motorsteuerungen, Bussysteme, Encoder\" \/>\n<meta property=\"article:modified_time\" content=\"2020-08-19T15:42:06+00:00\" \/>\n<meta name=\"twitter:card\" content=\"summary_large_image\" \/>\n<script type=\"application\/ld+json\" class=\"yoast-schema-graph\">{\"@context\":\"https:\/\/schema.org\",\"@graph\":[{\"@type\":\"WebPage\",\"@id\":\"https:\/\/www.sahatech.at\/?page_id=7\",\"url\":\"https:\/\/www.sahatech.at\/?page_id=7\",\"name\":\"Sahatech e.U. - \u00dcber uns\",\"isPartOf\":{\"@id\":\"https:\/\/www.sahatech.at\/#website\"},\"datePublished\":\"2020-08-09T09:48:48+00:00\",\"dateModified\":\"2020-08-19T15:42:06+00:00\",\"description\":\"Sahatech e.U. - \u00dcber uns: Mein T\u00e4tigkeitsbereich liegt in der Entwicklung kundenspezifischer Reglerl\u00f6sungen.\",\"breadcrumb\":{\"@id\":\"https:\/\/www.sahatech.at\/?page_id=7#breadcrumb\"},\"inLanguage\":\"de\",\"potentialAction\":[{\"@type\":\"ReadAction\",\"target\":[\"https:\/\/www.sahatech.at\/?page_id=7\"]}]},{\"@type\":\"BreadcrumbList\",\"@id\":\"https:\/\/www.sahatech.at\/?page_id=7#breadcrumb\",\"itemListElement\":[{\"@type\":\"ListItem\",\"position\":1,\"name\":\"Startseite\",\"item\":\"https:\/\/www.sahatech.at\/\"},{\"@type\":\"ListItem\",\"position\":2,\"name\":\"\u00dcber uns\"}]},{\"@type\":\"WebSite\",\"@id\":\"https:\/\/www.sahatech.at\/#website\",\"url\":\"https:\/\/www.sahatech.at\/\",\"name\":\"Sahatech e.U. - Motorsteuerungen, Bussysteme, Encoder\",\"description\":\"\",\"publisher\":{\"@id\":\"https:\/\/www.sahatech.at\/#organization\"},\"potentialAction\":[{\"@type\":\"SearchAction\",\"target\":{\"@type\":\"EntryPoint\",\"urlTemplate\":\"https:\/\/www.sahatech.at\/?s={search_term_string}\"},\"query-input\":\"required name=search_term_string\"}],\"inLanguage\":\"de\"},{\"@type\":\"Organization\",\"@id\":\"https:\/\/www.sahatech.at\/#organization\",\"name\":\"Sahatech e.U.\",\"url\":\"https:\/\/www.sahatech.at\/\",\"logo\":{\"@type\":\"ImageObject\",\"inLanguage\":\"de\",\"@id\":\"https:\/\/www.sahatech.at\/#\/schema\/logo\/image\/\",\"url\":\"https:\/\/www.sahatech.at\/wp-content\/uploads\/2020\/08\/logo_farbe_klein.png\",\"contentUrl\":\"https:\/\/www.sahatech.at\/wp-content\/uploads\/2020\/08\/logo_farbe_klein.png\",\"width\":147,\"height\":98,\"caption\":\"Sahatech e.U.\"},\"image\":{\"@id\":\"https:\/\/www.sahatech.at\/#\/schema\/logo\/image\/\"}}]}<\/script>\n<!-- \/ Yoast SEO plugin. -->","yoast_head_json":{"title":"Sahatech e.U. - \u00dcber uns","description":"Sahatech e.U. - \u00dcber uns: Mein T\u00e4tigkeitsbereich liegt in der Entwicklung kundenspezifischer Reglerl\u00f6sungen.","robots":{"index":"index","follow":"follow","max-snippet":"max-snippet:-1","max-image-preview":"max-image-preview:large","max-video-preview":"max-video-preview:-1"},"canonical":"https:\/\/www.sahatech.at\/?page_id=7","og_locale":"de_DE","og_type":"article","og_title":"Sahatech e.U. - \u00dcber uns","og_description":"Sahatech e.U. - \u00dcber uns: Mein T\u00e4tigkeitsbereich liegt in der Entwicklung kundenspezifischer Reglerl\u00f6sungen.","og_url":"https:\/\/www.sahatech.at\/?page_id=7","og_site_name":"Sahatech e.U. - Motorsteuerungen, Bussysteme, Encoder","article_modified_time":"2020-08-19T15:42:06+00:00","twitter_card":"summary_large_image","schema":{"@context":"https:\/\/schema.org","@graph":[{"@type":"WebPage","@id":"https:\/\/www.sahatech.at\/?page_id=7","url":"https:\/\/www.sahatech.at\/?page_id=7","name":"Sahatech e.U. - \u00dcber uns","isPartOf":{"@id":"https:\/\/www.sahatech.at\/#website"},"datePublished":"2020-08-09T09:48:48+00:00","dateModified":"2020-08-19T15:42:06+00:00","description":"Sahatech e.U. - \u00dcber uns: Mein T\u00e4tigkeitsbereich liegt in der Entwicklung kundenspezifischer Reglerl\u00f6sungen.","breadcrumb":{"@id":"https:\/\/www.sahatech.at\/?page_id=7#breadcrumb"},"inLanguage":"de","potentialAction":[{"@type":"ReadAction","target":["https:\/\/www.sahatech.at\/?page_id=7"]}]},{"@type":"BreadcrumbList","@id":"https:\/\/www.sahatech.at\/?page_id=7#breadcrumb","itemListElement":[{"@type":"ListItem","position":1,"name":"Startseite","item":"https:\/\/www.sahatech.at\/"},{"@type":"ListItem","position":2,"name":"\u00dcber uns"}]},{"@type":"WebSite","@id":"https:\/\/www.sahatech.at\/#website","url":"https:\/\/www.sahatech.at\/","name":"Sahatech e.U. - Motorsteuerungen, Bussysteme, Encoder","description":"","publisher":{"@id":"https:\/\/www.sahatech.at\/#organization"},"potentialAction":[{"@type":"SearchAction","target":{"@type":"EntryPoint","urlTemplate":"https:\/\/www.sahatech.at\/?s={search_term_string}"},"query-input":"required name=search_term_string"}],"inLanguage":"de"},{"@type":"Organization","@id":"https:\/\/www.sahatech.at\/#organization","name":"Sahatech e.U.","url":"https:\/\/www.sahatech.at\/","logo":{"@type":"ImageObject","inLanguage":"de","@id":"https:\/\/www.sahatech.at\/#\/schema\/logo\/image\/","url":"https:\/\/www.sahatech.at\/wp-content\/uploads\/2020\/08\/logo_farbe_klein.png","contentUrl":"https:\/\/www.sahatech.at\/wp-content\/uploads\/2020\/08\/logo_farbe_klein.png","width":147,"height":98,"caption":"Sahatech e.U."},"image":{"@id":"https:\/\/www.sahatech.at\/#\/schema\/logo\/image\/"}}]}},"_links":{"self":[{"href":"https:\/\/www.sahatech.at\/index.php?rest_route=\/wp\/v2\/pages\/7"}],"collection":[{"href":"https:\/\/www.sahatech.at\/index.php?rest_route=\/wp\/v2\/pages"}],"about":[{"href":"https:\/\/www.sahatech.at\/index.php?rest_route=\/wp\/v2\/types\/page"}],"author":[{"embeddable":true,"href":"https:\/\/www.sahatech.at\/index.php?rest_route=\/wp\/v2\/users\/1"}],"replies":[{"embeddable":true,"href":"https:\/\/www.sahatech.at\/index.php?rest_route=%2Fwp%2Fv2%2Fcomments&post=7"}],"version-history":[{"count":6,"href":"https:\/\/www.sahatech.at\/index.php?rest_route=\/wp\/v2\/pages\/7\/revisions"}],"predecessor-version":[{"id":132,"href":"https:\/\/www.sahatech.at\/index.php?rest_route=\/wp\/v2\/pages\/7\/revisions\/132"}],"wp:attachment":[{"href":"https:\/\/www.sahatech.at\/index.php?rest_route=%2Fwp%2Fv2%2Fmedia&parent=7"}],"curies":[{"name":"wp","href":"https:\/\/api.w.org\/{rel}","templated":true}]}}