{"id":46,"date":"2020-08-09T10:54:04","date_gmt":"2020-08-09T10:54:04","guid":{"rendered":"http:\/\/www.sahatech.at\/?page_id=46"},"modified":"2024-02-23T11:17:21","modified_gmt":"2024-02-23T10:17:21","slug":"sahatech-e-u-produkte","status":"publish","type":"page","link":"https:\/\/www.sahatech.at\/?page_id=46","title":{"rendered":"Produkte"},"content":{"rendered":"\r\n<div class=\"wp-block-columns is-layout-flex wp-container-core-columns-layout-1 wp-block-columns-is-layout-flex\">\r\n<div class=\"wp-block-column is-vertically-aligned-top is-layout-flow wp-block-column-is-layout-flow\">\r\n<figure class=\"wp-block-image size-large\"><a href=\"?page_id=73\"><img loading=\"lazy\" decoding=\"async\" width=\"800\" height=\"599\" class=\"wp-image-205\" src=\"https:\/\/www.sahatech.at\/wp-content\/uploads\/2020\/08\/SHCBL5189IOE_transp3-edited.png\" alt=\"BLDC-Motorsteuerungen\" srcset=\"https:\/\/www.sahatech.at\/wp-content\/uploads\/2020\/08\/SHCBL5189IOE_transp3-edited.png 800w, https:\/\/www.sahatech.at\/wp-content\/uploads\/2020\/08\/SHCBL5189IOE_transp3-edited-300x225.png 300w, https:\/\/www.sahatech.at\/wp-content\/uploads\/2020\/08\/SHCBL5189IOE_transp3-edited-768x575.png 768w\" sizes=\"(max-width: 800px) 100vw, 800px\" \/><\/a><\/figure>\r\n<\/div>\r\n\r\n\r\n\r\n<div class=\"wp-block-column is-vertically-aligned-top is-layout-flow wp-block-column-is-layout-flow\">\r\n<figure class=\"wp-block-image size-large\"><a href=\"?page_id=80\"><img loading=\"lazy\" decoding=\"async\" width=\"1024\" height=\"717\" class=\"wp-image-200\" src=\"https:\/\/www.sahatech.at\/wp-content\/uploads\/2020\/08\/SHCST3768IOE_1_transp-1024x717.png\" alt=\"Schrittmotor-Steuerungen\" srcset=\"https:\/\/www.sahatech.at\/wp-content\/uploads\/2020\/08\/SHCST3768IOE_1_transp-1024x717.png 1024w, https:\/\/www.sahatech.at\/wp-content\/uploads\/2020\/08\/SHCST3768IOE_1_transp-300x210.png 300w, https:\/\/www.sahatech.at\/wp-content\/uploads\/2020\/08\/SHCST3768IOE_1_transp-768x538.png 768w, https:\/\/www.sahatech.at\/wp-content\/uploads\/2020\/08\/SHCST3768IOE_1_transp-1200x840.png 1200w, https:\/\/www.sahatech.at\/wp-content\/uploads\/2020\/08\/SHCST3768IOE_1_transp.png 1235w\" sizes=\"(max-width: 1024px) 100vw, 1024px\" \/><\/a><\/figure>\r\n<\/div>\r\n<\/div>\r\n\r\n\r\n\r\n<div class=\"wp-block-columns is-layout-flex wp-container-core-columns-layout-2 wp-block-columns-is-layout-flex\">\r\n<div class=\"wp-block-column is-layout-flow wp-block-column-is-layout-flow\">\r\n<div class=\"wp-block-buttons is-layout-flex wp-block-buttons-is-layout-flex\">\r\n<div class=\"wp-block-button\"><a class=\"wp-block-button__link has-background\" style=\"border-radius: 5px; background: radial-gradient(#7adcb4 0%,#00d082 100%);\" href=\"https:\/\/www.sahatech.at\/?page_id=73\" rel=\"\">BLDC-Motorsteuerungen<\/a><\/div>\r\n<\/div>\r\n<\/div>\r\n\r\n\r\n\r\n<div class=\"wp-block-column is-layout-flow wp-block-column-is-layout-flow\">\r\n<div class=\"wp-block-buttons is-layout-flex wp-block-buttons-is-layout-flex\">\r\n<div class=\"wp-block-button\"><a class=\"wp-block-button__link has-background\" style=\"border-radius: 5px; background: radial-gradient(#7adcb4 0%,#00d082 100%);\" href=\"https:\/\/www.sahatech.at\/?page_id=80\">Schrittmotor-Steuerungen<\/a><\/div>\r\n<\/div>\r\n<\/div>\r\n<\/div>\r\n\r\n\r\n\r\n<p class=\"has-normal-font-size\">Alle angef\u00fchrten Regler stellen allgemeine L\u00f6sungen dar. Die Regler werden individuell an die Kundenanforderungen angepasst.<\/p>\r\n\r\n\r\n\r\n<div class=\"wp-block-spacer\" style=\"height: 60px;\" aria-hidden=\"true\">\u00a0<\/div>\r\n\r\n\r\n\r\n<p>Partnerunternehmen f\u00fcr Linearaktuatoren, Motoren und Getriebe:<\/p>\r\n\r\n\r\n\r\n<div class=\"wp-block-columns has-background is-layout-flex wp-container-core-columns-layout-3 wp-block-columns-is-layout-flex\" style=\"background-color: #323639;\">\r\n<div class=\"wp-block-column is-layout-flow wp-block-column-is-layout-flow\" style=\"flex-basis: 33.33%;\">\r\n<figure class=\"wp-block-image size-large is-resized\"><a href=\"https:\/\/www.rogetzer.at\" target=\"_blank\" rel=\"noopener noreferrer\"><img loading=\"lazy\" decoding=\"async\" class=\"alignnone wp-image-231\" src=\"https:\/\/www.sahatech.at\/wp-content\/uploads\/2020\/09\/linac_logo2.png\" alt=\"www.rogetzer.at\" width=\"89\" height=\"94\" \/><\/a><\/figure>\r\n\r\n\r\n\r\n<p>&nbsp;<\/p>\r\n<\/div>\r\n\r\n\r\n\r\n<div class=\"wp-block-column is-layout-flow wp-block-column-is-layout-flow\" style=\"flex-basis: 66.66%;\">\r\n<div class=\"wp-block-spacer\" style=\"height: 30px;\" aria-hidden=\"true\">\u00a0<\/div>\r\n\r\n\r\n\r\n<p>Ing. Peter Rogetzer &#8211; Linear Actuator Engineering e.U.<\/p>\r\n\r\n\r\n\r\n<p><a href=\"http:\/\/www.rogetzer.at\">www.rogetzer.at<\/a><\/p>\r\n<\/div>\r\n<\/div>\r\n\r\n\r\n\r\n<p>&nbsp;<\/p>\r\n","protected":false},"excerpt":{"rendered":"<p>Alle angef\u00fchrten Regler stellen allgemeine L\u00f6sungen dar. Die Regler werden individuell an die Kundenanforderungen angepasst. Partnerunternehmen f\u00fcr Linearaktuatoren, Motoren und Getriebe: &nbsp; Ing. Peter Rogetzer &#8211; Linear Actuator Engineering e.U. www.rogetzer.at &nbsp;<\/p>\n","protected":false},"author":1,"featured_media":0,"parent":0,"menu_order":0,"comment_status":"closed","ping_status":"closed","template":"","meta":{"footnotes":""},"yoast_head":"<!-- This site is optimized with the Yoast SEO plugin v22.1 - https:\/\/yoast.com\/wordpress\/plugins\/seo\/ -->\n<title>Sahatech e.U. - Produkte<\/title>\n<meta name=\"description\" content=\"Sahatech e.U. - Produkte: Motorsteuerungen f\u00fcr Schrittmotoren und BLDC. Closed-loop Motorsteuerungen. Encoderl\u00f6sungen.\" \/>\n<meta name=\"robots\" content=\"index, follow, max-snippet:-1, max-image-preview:large, max-video-preview:-1\" \/>\n<link rel=\"canonical\" href=\"https:\/\/www.sahatech.at\/?page_id=46\" \/>\n<meta property=\"og:locale\" content=\"de_DE\" \/>\n<meta property=\"og:type\" content=\"article\" \/>\n<meta property=\"og:title\" content=\"Sahatech e.U. - Produkte\" \/>\n<meta property=\"og:description\" content=\"Sahatech e.U. - Produkte: Motorsteuerungen f\u00fcr Schrittmotoren und BLDC. Closed-loop Motorsteuerungen. Encoderl\u00f6sungen.\" \/>\n<meta property=\"og:url\" content=\"https:\/\/www.sahatech.at\/?page_id=46\" \/>\n<meta property=\"og:site_name\" content=\"Sahatech e.U. - Motorsteuerungen, Bussysteme, Encoder\" \/>\n<meta property=\"article:modified_time\" content=\"2024-02-23T10:17:21+00:00\" \/>\n<meta property=\"og:image\" content=\"https:\/\/www.sahatech.at\/wp-content\/uploads\/2020\/08\/SHCBL5189IOE_transp3-edited.png\" \/>\n<meta name=\"twitter:card\" content=\"summary_large_image\" \/>\n<meta name=\"twitter:label1\" content=\"Gesch\u00e4tzte Lesezeit\" \/>\n\t<meta name=\"twitter:data1\" content=\"1\u00a0Minute\" \/>\n<script type=\"application\/ld+json\" class=\"yoast-schema-graph\">{\"@context\":\"https:\/\/schema.org\",\"@graph\":[{\"@type\":\"WebPage\",\"@id\":\"https:\/\/www.sahatech.at\/?page_id=46\",\"url\":\"https:\/\/www.sahatech.at\/?page_id=46\",\"name\":\"Sahatech e.U. - Produkte\",\"isPartOf\":{\"@id\":\"https:\/\/www.sahatech.at\/#website\"},\"datePublished\":\"2020-08-09T10:54:04+00:00\",\"dateModified\":\"2024-02-23T10:17:21+00:00\",\"description\":\"Sahatech e.U. - Produkte: Motorsteuerungen f\u00fcr Schrittmotoren und BLDC. Closed-loop Motorsteuerungen. Encoderl\u00f6sungen.\",\"breadcrumb\":{\"@id\":\"https:\/\/www.sahatech.at\/?page_id=46#breadcrumb\"},\"inLanguage\":\"de\",\"potentialAction\":[{\"@type\":\"ReadAction\",\"target\":[\"https:\/\/www.sahatech.at\/?page_id=46\"]}]},{\"@type\":\"BreadcrumbList\",\"@id\":\"https:\/\/www.sahatech.at\/?page_id=46#breadcrumb\",\"itemListElement\":[{\"@type\":\"ListItem\",\"position\":1,\"name\":\"Startseite\",\"item\":\"https:\/\/www.sahatech.at\/\"},{\"@type\":\"ListItem\",\"position\":2,\"name\":\"Produkte\"}]},{\"@type\":\"WebSite\",\"@id\":\"https:\/\/www.sahatech.at\/#website\",\"url\":\"https:\/\/www.sahatech.at\/\",\"name\":\"Sahatech e.U. - Motorsteuerungen, Bussysteme, Encoder\",\"description\":\"\",\"publisher\":{\"@id\":\"https:\/\/www.sahatech.at\/#organization\"},\"potentialAction\":[{\"@type\":\"SearchAction\",\"target\":{\"@type\":\"EntryPoint\",\"urlTemplate\":\"https:\/\/www.sahatech.at\/?s={search_term_string}\"},\"query-input\":\"required name=search_term_string\"}],\"inLanguage\":\"de\"},{\"@type\":\"Organization\",\"@id\":\"https:\/\/www.sahatech.at\/#organization\",\"name\":\"Sahatech e.U.\",\"url\":\"https:\/\/www.sahatech.at\/\",\"logo\":{\"@type\":\"ImageObject\",\"inLanguage\":\"de\",\"@id\":\"https:\/\/www.sahatech.at\/#\/schema\/logo\/image\/\",\"url\":\"https:\/\/www.sahatech.at\/wp-content\/uploads\/2020\/08\/logo_farbe_klein.png\",\"contentUrl\":\"https:\/\/www.sahatech.at\/wp-content\/uploads\/2020\/08\/logo_farbe_klein.png\",\"width\":147,\"height\":98,\"caption\":\"Sahatech e.U.\"},\"image\":{\"@id\":\"https:\/\/www.sahatech.at\/#\/schema\/logo\/image\/\"}}]}<\/script>\n<!-- \/ Yoast SEO plugin. -->","yoast_head_json":{"title":"Sahatech e.U. - Produkte","description":"Sahatech e.U. - Produkte: Motorsteuerungen f\u00fcr Schrittmotoren und BLDC. Closed-loop Motorsteuerungen. Encoderl\u00f6sungen.","robots":{"index":"index","follow":"follow","max-snippet":"max-snippet:-1","max-image-preview":"max-image-preview:large","max-video-preview":"max-video-preview:-1"},"canonical":"https:\/\/www.sahatech.at\/?page_id=46","og_locale":"de_DE","og_type":"article","og_title":"Sahatech e.U. - Produkte","og_description":"Sahatech e.U. - Produkte: Motorsteuerungen f\u00fcr Schrittmotoren und BLDC. Closed-loop Motorsteuerungen. Encoderl\u00f6sungen.","og_url":"https:\/\/www.sahatech.at\/?page_id=46","og_site_name":"Sahatech e.U. - Motorsteuerungen, Bussysteme, Encoder","article_modified_time":"2024-02-23T10:17:21+00:00","og_image":[{"url":"https:\/\/www.sahatech.at\/wp-content\/uploads\/2020\/08\/SHCBL5189IOE_transp3-edited.png"}],"twitter_card":"summary_large_image","twitter_misc":{"Gesch\u00e4tzte Lesezeit":"1\u00a0Minute"},"schema":{"@context":"https:\/\/schema.org","@graph":[{"@type":"WebPage","@id":"https:\/\/www.sahatech.at\/?page_id=46","url":"https:\/\/www.sahatech.at\/?page_id=46","name":"Sahatech e.U. - Produkte","isPartOf":{"@id":"https:\/\/www.sahatech.at\/#website"},"datePublished":"2020-08-09T10:54:04+00:00","dateModified":"2024-02-23T10:17:21+00:00","description":"Sahatech e.U. - Produkte: Motorsteuerungen f\u00fcr Schrittmotoren und BLDC. Closed-loop Motorsteuerungen. Encoderl\u00f6sungen.","breadcrumb":{"@id":"https:\/\/www.sahatech.at\/?page_id=46#breadcrumb"},"inLanguage":"de","potentialAction":[{"@type":"ReadAction","target":["https:\/\/www.sahatech.at\/?page_id=46"]}]},{"@type":"BreadcrumbList","@id":"https:\/\/www.sahatech.at\/?page_id=46#breadcrumb","itemListElement":[{"@type":"ListItem","position":1,"name":"Startseite","item":"https:\/\/www.sahatech.at\/"},{"@type":"ListItem","position":2,"name":"Produkte"}]},{"@type":"WebSite","@id":"https:\/\/www.sahatech.at\/#website","url":"https:\/\/www.sahatech.at\/","name":"Sahatech e.U. - Motorsteuerungen, Bussysteme, Encoder","description":"","publisher":{"@id":"https:\/\/www.sahatech.at\/#organization"},"potentialAction":[{"@type":"SearchAction","target":{"@type":"EntryPoint","urlTemplate":"https:\/\/www.sahatech.at\/?s={search_term_string}"},"query-input":"required name=search_term_string"}],"inLanguage":"de"},{"@type":"Organization","@id":"https:\/\/www.sahatech.at\/#organization","name":"Sahatech e.U.","url":"https:\/\/www.sahatech.at\/","logo":{"@type":"ImageObject","inLanguage":"de","@id":"https:\/\/www.sahatech.at\/#\/schema\/logo\/image\/","url":"https:\/\/www.sahatech.at\/wp-content\/uploads\/2020\/08\/logo_farbe_klein.png","contentUrl":"https:\/\/www.sahatech.at\/wp-content\/uploads\/2020\/08\/logo_farbe_klein.png","width":147,"height":98,"caption":"Sahatech e.U."},"image":{"@id":"https:\/\/www.sahatech.at\/#\/schema\/logo\/image\/"}}]}},"_links":{"self":[{"href":"https:\/\/www.sahatech.at\/index.php?rest_route=\/wp\/v2\/pages\/46"}],"collection":[{"href":"https:\/\/www.sahatech.at\/index.php?rest_route=\/wp\/v2\/pages"}],"about":[{"href":"https:\/\/www.sahatech.at\/index.php?rest_route=\/wp\/v2\/types\/page"}],"author":[{"embeddable":true,"href":"https:\/\/www.sahatech.at\/index.php?rest_route=\/wp\/v2\/users\/1"}],"replies":[{"embeddable":true,"href":"https:\/\/www.sahatech.at\/index.php?rest_route=%2Fwp%2Fv2%2Fcomments&post=46"}],"version-history":[{"count":27,"href":"https:\/\/www.sahatech.at\/index.php?rest_route=\/wp\/v2\/pages\/46\/revisions"}],"predecessor-version":[{"id":252,"href":"https:\/\/www.sahatech.at\/index.php?rest_route=\/wp\/v2\/pages\/46\/revisions\/252"}],"wp:attachment":[{"href":"https:\/\/www.sahatech.at\/index.php?rest_route=%2Fwp%2Fv2%2Fmedia&parent=46"}],"curies":[{"name":"wp","href":"https:\/\/api.w.org\/{rel}","templated":true}]}}